{"id":14,"date":"2012-09-07T20:50:17","date_gmt":"2012-09-07T18:50:17","guid":{"rendered":"http:\/\/grundschulesatzvey.de\/wordpress\/?page_id=14"},"modified":"2015-04-14T14:22:05","modified_gmt":"2015-04-14T12:22:05","slug":"primarforscher","status":"publish","type":"page","link":"https:\/\/grundschulesatzvey.de\/?page_id=14","title":{"rendered":"Primarforscher"},"content":{"rendered":"<p><strong>Primarforscher<a href=\"https:\/\/grundschulesatzvey.de\/wordpress\/wp-content\/uploads\/2012\/09\/licht-schatten.jpg\"><img loading=\"lazy\" decoding=\"async\" class=\"alignright size-full wp-image-101\" title=\"licht-schatten\" src=\"https:\/\/grundschulesatzvey.de\/wordpress\/wp-content\/uploads\/2012\/09\/licht-schatten.jpg\" alt=\"\" width=\"250\" height=\"188\" \/><\/a><\/strong><\/p>\n<p><span style=\"font-family: Arial, Helvetica, Geneva, sans-serif, sans-serif;\">Seit August 2009 geh\u00f6ren wir zu den 13 prima (r) forscher-Schulen\u00a0<\/span><span style=\"font-family: Arial, Helvetica, Geneva, sans-serif, sans-serif;\">in Nordrhein-Westfalen,\u00a0 die sich auf den Weg gemacht haben, im Sachunterricht naturwissenschaftliche Schwerpunkte zu setzen und die Entdeckerlust der Kinder zu f\u00f6rdern.<\/span><\/p>\n<p><span style=\"font-family: Arial, Helvetica, Geneva, sans-serif, sans-serif;\">Unsere Kooperationspartner sind die Deutsche Telekom Stiftung und die Deutsche Kinder- und Jugendstiftung. Im Netzwerk sind wir verbunden mit zwei Grundschulen im rechtsrheinischen K\u00f6ln, der KGS Kupfergasse und der KGS Forststra\u00dfe.<\/span><\/p>\n<p><span style=\"font-family: Arial, Helvetica, Geneva, sans-serif, sans-serif;\">Zu den ersten Aktivit\u00e4ten z\u00e4hlen bisher &#8230;<\/span><\/p>\n<p><span style=\"font-family: Arial, Helvetica, Geneva, sans-serif, sans-serif;\">&#8230; eine viel beachtete \u201cStromwoche\u201d f\u00fcr alle Kinder in der Aula, in der unsere Viertkl\u00e4ssler die j\u00fcngeren Kinder bei ihren Versuchen und Beobachtungen begleiteten.<\/span><\/p>\n<p><span style=\"font-family: Arial, Helvetica, Geneva, sans-serif, sans-serif;\">&#8230; eine \u201cHolzwerkzeug-Woche\u201d nach \u00e4hnlichem Muster<\/span><\/p>\n<p><span style=\"font-family: Arial, Helvetica, Geneva, sans-serif, sans-serif;\">&#8230; Keimversuche unter verschiedenen Rahmenbedingungen<\/span><\/p>\n<p><span style=\"font-family: Arial, Helvetica, Geneva, sans-serif, sans-serif;\">&#8230; Versuche mit Schwimmen und Sinken<\/span><\/p>\n<p><span style=\"font-family: Arial, Helvetica, Geneva, sans-serif, sans-serif;\">&#8230; eine Licht- und Schatten-Woche<\/span><\/p>\n","protected":false},"excerpt":{"rendered":"<p>Primarforscher Seit August 2009 geh\u00f6ren wir zu den 13 prima (r) forscher-Schulen\u00a0in Nordrhein-Westfalen,\u00a0 die sich auf den Weg gemacht haben, im Sachunterricht naturwissenschaftliche Schwerpunkte zu setzen und die Entdeckerlust der Kinder zu f\u00f6rdern. Unsere Kooperationspartner sind die Deutsche Telekom Stiftung &hellip; <a href=\"https:\/\/grundschulesatzvey.de\/?page_id=14\">Weiterlesen <span class=\"meta-nav\">&rarr;<\/span><\/a><\/p>\n","protected":false},"author":5,"featured_media":0,"parent":0,"menu_order":7,"comment_status":"closed","ping_status":"open","template":"sidebar-page.php","meta":{"ngg_post_thumbnail":0,"footnotes":""},"class_list":["post-14","page","type-page","status-publish","hentry"],"_links":{"self":[{"href":"https:\/\/grundschulesatzvey.de\/index.php?rest_route=\/wp\/v2\/pages\/14","targetHints":{"allow":["GET"]}}],"collection":[{"href":"https:\/\/grundschulesatzvey.de\/index.php?rest_route=\/wp\/v2\/pages"}],"about":[{"href":"https:\/\/grundschulesatzvey.de\/index.php?rest_route=\/wp\/v2\/types\/page"}],"author":[{"embeddable":true,"href":"https:\/\/grundschulesatzvey.de\/index.php?rest_route=\/wp\/v2\/users\/5"}],"replies":[{"embeddable":true,"href":"https:\/\/grundschulesatzvey.de\/index.php?rest_route=%2Fwp%2Fv2%2Fcomments&post=14"}],"version-history":[{"count":8,"href":"https:\/\/grundschulesatzvey.de\/index.php?rest_route=\/wp\/v2\/pages\/14\/revisions"}],"predecessor-version":[{"id":1375,"href":"https:\/\/grundschulesatzvey.de\/index.php?rest_route=\/wp\/v2\/pages\/14\/revisions\/1375"}],"wp:attachment":[{"href":"https:\/\/grundschulesatzvey.de\/index.php?rest_route=%2Fwp%2Fv2%2Fmedia&parent=14"}],"curies":[{"name":"wp","href":"https:\/\/api.w.org\/{rel}","templated":true}]}}