{"id":148,"date":"2012-09-18T12:38:49","date_gmt":"2012-09-18T10:38:49","guid":{"rendered":"http:\/\/grundschulesatzvey.de\/?page_id=148"},"modified":"2025-05-25T09:03:51","modified_gmt":"2025-05-25T07:03:51","slug":"nachrichten","status":"publish","type":"page","link":"https:\/\/grundschulesatzvey.de\/?page_id=148","title":{"rendered":"Neuigkeiten"},"content":{"rendered":"<p>An dieser Stelle berichten wir gelegentlich \u00fcber Projekte und ausgew\u00e4hlte Aktionen aus dem Schulalltag:<\/p>\n<p><strong>Projekt Zukunftsschule NRW &#8211; Werbung<\/strong><\/p>\n<p>In acht Einzelstunden setzten sich die Sch\u00fclerinnen und Sch\u00fcler der Klasse 4 im Sachunterricht mit dem Thema Werbung auseinander. Sie lernten Werbung als Teil der Konsum gepr\u00e4gten Gesellschaft kennen, untersuchten die verschiedenen Gestaltungsmittel von Print- und Digitalwerbung und diskutierten die Wirkung und die Einflussfaktoren von Werbung. Im Anschluss erarbeiteten die Sch\u00fclerinnen und Sch\u00fcler einen Kriterienkatalog f\u00fcr gelungene Werbung. Diesen nutzen sie dann, um in Partnerarbeit zu einem ausgew\u00e4hlten Gegenstand ein Werbeplakat mit der App \u201eBook Creator\u201c zu gestalten.<br \/>\nDurch das Planen sowie das kriterienorientierte Gestalten und Pr\u00e4sentieren eigener digitale Werbeplakate wurde die selbstregulierten Mediennutzung (Medienkompetenzrahmen: Analysieren und Reflektieren) und das Produzieren und Pr\u00e4sentieren digitaler Produkte (Medienkompetenzrahmen: Produktion und Pr\u00e4sentation) gef\u00f6rdert.<\/p>\n<p>(Medienkompetenzrahmen: Medienprodukte adressatengerecht planen, gestalten und pr\u00e4sentieren, Medien und ihre Wirkung beschreiben, kritisch reflektieren und deren Nutzung selbstverantwortlich regulieren, BNE-Kompetenzen: Waren aus aller Welt, Produktion, Handel, Konsum)<\/p>\n<p>verwendete Tools:<\/p>\n<p><a href=\"https:\/\/bookcreator.com\/\">https:\/\/bookcreator.com\/<\/a><\/p>\n<p><strong>Projekt Zukunftsschule NRW \u2013 Weihnachten weltweit<\/strong><\/p>\n<p>In acht Einzelstunden setzten sich die Sch\u00fclerinnen und Sch\u00fcler der Klasse 4 im Sachunterricht mit unterschiedlichen Traditionen rund um das Weihnachtsfest auseinander. Gemeinsam wurde ein Fragenkatalog erstellt, der u.a. Fragen nach Essen, Dekoration und Liedern enthielt. In Gruppenarbeit recherchierten die Sch\u00fclerinnen und Sch\u00fcler dann im Internet zu einem selbstgew\u00e4hlten Land. Diese Informationen strukturierten und pr\u00e4sentierten sie danach mit Hilfe der App \u201eBook Creator\u201c. &nbsp;Abschlie\u00dfend arbeiteten die Kinder Gemeinsamkeiten, \u00c4hnlichkeiten sowie Unterschiede der Weihnachtstraditionen heraus und nahmen auch Bezug zu ihren pers\u00f6nlichen Erfahrungen.<\/p>\n<p>(Medienkompetenzrahmen: Medienprodukte adressatengerecht planen, gestalten und pr\u00e4sentieren, BNE-Kompetenzen: Vielfalt der Werte, Kulturen und Lebensverh\u00e4ltnisse: Diversit\u00e4t und Inklusion)<\/p>\n<p>verwendete Tools:<\/p>\n<p><a href=\"https:\/\/bookcreator.com\/\">https:\/\/bookcreator.com\/<\/a><\/p>\n<p>&nbsp;<\/p>\n","protected":false},"excerpt":{"rendered":"<p>An dieser Stelle berichten wir gelegentlich \u00fcber Projekte und ausgew\u00e4hlte Aktionen aus dem Schulalltag: Projekt Zukunftsschule NRW &#8211; Werbung In acht Einzelstunden setzten sich die Sch\u00fclerinnen und Sch\u00fcler der Klasse 4 im Sachunterricht mit dem Thema Werbung auseinander. Sie lernten &hellip; <a href=\"https:\/\/grundschulesatzvey.de\/?page_id=148\">Weiterlesen <span class=\"meta-nav\">&rarr;<\/span><\/a><\/p>\n","protected":false},"author":5,"featured_media":185,"parent":4,"menu_order":2,"comment_status":"closed","ping_status":"closed","template":"sidebar-page.php","meta":{"ngg_post_thumbnail":0,"footnotes":""},"class_list":["post-148","page","type-page","status-publish","has-post-thumbnail","hentry"],"_links":{"self":[{"href":"https:\/\/grundschulesatzvey.de\/index.php?rest_route=\/wp\/v2\/pages\/148","targetHints":{"allow":["GET"]}}],"collection":[{"href":"https:\/\/grundschulesatzvey.de\/index.php?rest_route=\/wp\/v2\/pages"}],"about":[{"href":"https:\/\/grundschulesatzvey.de\/index.php?rest_route=\/wp\/v2\/types\/page"}],"author":[{"embeddable":true,"href":"https:\/\/grundschulesatzvey.de\/index.php?rest_route=\/wp\/v2\/users\/5"}],"replies":[{"embeddable":true,"href":"https:\/\/grundschulesatzvey.de\/index.php?rest_route=%2Fwp%2Fv2%2Fcomments&post=148"}],"version-history":[{"count":28,"href":"https:\/\/grundschulesatzvey.de\/index.php?rest_route=\/wp\/v2\/pages\/148\/revisions"}],"predecessor-version":[{"id":3132,"href":"https:\/\/grundschulesatzvey.de\/index.php?rest_route=\/wp\/v2\/pages\/148\/revisions\/3132"}],"up":[{"embeddable":true,"href":"https:\/\/grundschulesatzvey.de\/index.php?rest_route=\/wp\/v2\/pages\/4"}],"wp:featuredmedia":[{"embeddable":true,"href":"https:\/\/grundschulesatzvey.de\/index.php?rest_route=\/wp\/v2\/media\/185"}],"wp:attachment":[{"href":"https:\/\/grundschulesatzvey.de\/index.php?rest_route=%2Fwp%2Fv2%2Fmedia&parent=148"}],"curies":[{"name":"wp","href":"https:\/\/api.w.org\/{rel}","templated":true}]}}