{"id":2498,"date":"2020-03-10T12:56:52","date_gmt":"2020-03-10T10:56:52","guid":{"rendered":"http:\/\/grundschulesatzvey.de\/?page_id=2498"},"modified":"2020-03-10T13:08:30","modified_gmt":"2020-03-10T11:08:30","slug":"verhalten-bei-extremen-wetterlagen","status":"publish","type":"page","link":"https:\/\/grundschulesatzvey.de\/?page_id=2498","title":{"rendered":"Verhalten bei extremen Wetterlagen"},"content":{"rendered":"\n<p><strong>Verhalten bei extremen Wetterlagen<\/strong><\/p>\n\n\n\n<p>Hier die aktuellen Regelungen: <\/p>\n\n\n\n<p>Nicht vorhersehbare Gr\u00fcnde f\u00fcr ein\nSchulvers\u00e4umnis k\u00f6nnen der pl\u00f6tzliche Eintritt <strong>extremer Witterungsverh\u00e4ltnisse <\/strong>oder\nein nicht vorhersehbarer Ausfall des \u00f6ffentlichen Nahverkehrs sein. <\/p>\n\n\n\n<p>In diesen F\u00e4llen <strong>entscheiden die<\/strong> <strong>Eltern<\/strong>,\nob der <strong>Schulweg zumutbar und\nsicher<\/strong> ist. Bei extremen Wetterlagen k\u00f6nnen die Eltern morgens\nentscheiden, ihr Kind nicht in die Schule zu schicken. In diesem Fall ist die <strong>Schule umgehend zu informieren<\/strong>.<\/p>\n\n\n\n<p>Bei schweren Unwettern k\u00f6nnen\ndar\u00fcber hinaus die <strong>Schulen gemeinsam mit\nden Schultr\u00e4gern<\/strong> entscheiden, den Unterricht <strong>fr\u00fchzeitig zu beenden<\/strong>,\ndamit die Kinder noch sicher nach Hause kommen k\u00f6nnen. In einem solchen Fall\nmuss die Schule ihrer F\u00fcrsorgepflicht nachkommen und die Betreuung der\nanwesenden Sch\u00fclerinnen und Sch\u00fcler gew\u00e4hrleisten. <\/p>\n\n\n\n<p>\u00dcber eine etwaige <strong>Schlie\u00dfung<\/strong> der Schule <strong>entscheidet der Schultr\u00e4ger<\/strong>, sofern\ndurch das Unwetter eine unmittelbare Gefahr im Schulgeb\u00e4ude entsteht (z.B.\ndurch umfallende B\u00e4ume). <strong>Die Eltern\nwerden in einem solchen Fall \u00fcber die Schulleitungen \u00fcber die bekannten Informationswege\n(Elternpflegschaft, Internetseite) informiert.<\/strong><\/p>\n","protected":false},"excerpt":{"rendered":"<p>Verhalten bei extremen Wetterlagen Hier die aktuellen Regelungen: Nicht vorhersehbare Gr\u00fcnde f\u00fcr ein Schulvers\u00e4umnis k\u00f6nnen der pl\u00f6tzliche Eintritt extremer Witterungsverh\u00e4ltnisse oder ein nicht vorhersehbarer Ausfall des \u00f6ffentlichen Nahverkehrs sein. In diesen F\u00e4llen entscheiden die Eltern, ob der Schulweg zumutbar und &hellip; <a href=\"https:\/\/grundschulesatzvey.de\/?page_id=2498\">Weiterlesen <span class=\"meta-nav\">&rarr;<\/span><\/a><\/p>\n","protected":false},"author":5,"featured_media":0,"parent":2495,"menu_order":1,"comment_status":"closed","ping_status":"closed","template":"sidebar-page.php","meta":{"ngg_post_thumbnail":0,"footnotes":""},"class_list":["post-2498","page","type-page","status-publish","hentry"],"_links":{"self":[{"href":"https:\/\/grundschulesatzvey.de\/index.php?rest_route=\/wp\/v2\/pages\/2498","targetHints":{"allow":["GET"]}}],"collection":[{"href":"https:\/\/grundschulesatzvey.de\/index.php?rest_route=\/wp\/v2\/pages"}],"about":[{"href":"https:\/\/grundschulesatzvey.de\/index.php?rest_route=\/wp\/v2\/types\/page"}],"author":[{"embeddable":true,"href":"https:\/\/grundschulesatzvey.de\/index.php?rest_route=\/wp\/v2\/users\/5"}],"replies":[{"embeddable":true,"href":"https:\/\/grundschulesatzvey.de\/index.php?rest_route=%2Fwp%2Fv2%2Fcomments&post=2498"}],"version-history":[{"count":2,"href":"https:\/\/grundschulesatzvey.de\/index.php?rest_route=\/wp\/v2\/pages\/2498\/revisions"}],"predecessor-version":[{"id":2501,"href":"https:\/\/grundschulesatzvey.de\/index.php?rest_route=\/wp\/v2\/pages\/2498\/revisions\/2501"}],"up":[{"embeddable":true,"href":"https:\/\/grundschulesatzvey.de\/index.php?rest_route=\/wp\/v2\/pages\/2495"}],"wp:attachment":[{"href":"https:\/\/grundschulesatzvey.de\/index.php?rest_route=%2Fwp%2Fv2%2Fmedia&parent=2498"}],"curies":[{"name":"wp","href":"https:\/\/api.w.org\/{rel}","templated":true}]}}