{"id":2505,"date":"2020-03-10T13:06:48","date_gmt":"2020-03-10T11:06:48","guid":{"rendered":"http:\/\/grundschulesatzvey.de\/?page_id=2505"},"modified":"2020-03-10T13:14:59","modified_gmt":"2020-03-10T11:14:59","slug":"umgang-mit-dem-corona-virus-im-schulbereich","status":"publish","type":"page","link":"https:\/\/grundschulesatzvey.de\/?page_id=2505","title":{"rendered":"Umgang mit dem Corona-Virus im Schulbereich"},"content":{"rendered":"\n<p><strong>Umgang mit dem Corona-Virus im Schulbereich<\/strong><\/p>\n\n\n\n<p><strong>1. Schulschlie\u00dfungen und Wiederer\u00f6ffnungen von Schulen<\/strong><\/p>\n\n\n\n<p><strong><em>Schlie\u00dfungen<\/em><\/strong> von Schulen oder Teilen davon (z.B.\nKlassen) im Zusammenhang mit dem Corona-Virus erfolgen auf der Grundlage des\nInfektionsschutzgesetzes. Konkret vorgenommen wird die Schlie\u00dfung <strong>von der \u00f6rtlich zust\u00e4ndigen Ordnungsbeh\u00f6rde<\/strong>\noder <strong>dem Gesundheitsamt<\/strong>. Eine Schulschlie\u00dfung\ndurch das Schulamt oder die Bezirksregierung kommt daher nicht in Betracht.<\/p>\n\n\n\n<p>Die <strong><em>Wiederer\u00f6ffnung<\/em><\/strong>\neiner Schule erfolgt gleichfalls durch die zuvor genannten Beh\u00f6rden, wenn die\nVoraussetzungen f\u00fcr eine weitere Schlie\u00dfung der Schule oder Teilen davon (z.B.\nKlassen) nicht mehr vorliegen.<\/p>\n\n\n\n<p><strong>Eine Schulschlie\u00dfung durch die Schulleitung kommt nur\nim Notfall in Betracht<\/strong>.<\/p>\n\n\n\n<p><strong>2. Fernbleiben vom Unterricht<\/strong><\/p>\n\n\n\n<p>Sofern eine\nSchule nicht von den zust\u00e4ndigen Gesundheitsbeh\u00f6rden geschlossen wurde, besteht\n<strong>grunds\u00e4tzlich Schulpflicht<\/strong> nach \u00a7 43\nAbsatz 1 SchulG. Ist eine Sch\u00fclerin oder ein Sch\u00fcler durch Krankheit oder aus\nanderen nicht vorhersehbaren Gr\u00fcnden verhindert, die Schule zu besuchen, so\nbenachrichtigen die Eltern unverz\u00fcglich die Schule und teilen schriftlich den\nGrund f\u00fcr das Schulvers\u00e4umnis mit. <\/p>\n\n\n\n<p><strong>Die Entscheidung \u00fcber die Teilnahme am Unterricht zur\nVermeidung einer Corona-Infektion darf nicht ohne R\u00fccksprache mit einem Arzt\ngetroffen werden. <\/strong><\/p>\n\n\n\n<p><strong>3. Hygienema\u00dfnahmen<\/strong><\/p>\n\n\n\n<p>Es\nempfiehlt sich, sich insbesondere an die Hygienema\u00dfnahmen zu halten, die auch\nvor einer Influenza-Infektion sch\u00fctzen: Dazu geh\u00f6ren <\/p>\n\n\n\n<ul class=\"wp-block-list\"><li>der Verzicht auf H\u00e4ndesch\u00fctteln, <\/li><li>regelm\u00e4\u00dfiges H\u00e4ndewaschen mit\nSeife, <\/li><li>nicht mit den H\u00e4nden ins Gesicht\nfassen, <\/li><li>Abstand halten, vor allem zu\nPersonen, die erkennbar unter Infekten leiden, und <\/li><li>die richtige Husten- und\nNiesetikette einzuhalten. <\/li><\/ul>\n\n\n\n<p>Grunds\u00e4tzlich\nverweisen wir noch einmal auf die Informationsangebote des RKI und der\nGesundheitsbeh\u00f6rden.<\/p>\n\n\n\n<p><a href=\"https:\/\/www.rki.de\/DE\/Content\/InfAZ\/N\/Neuartiges_Coronavirus\/nCoV.html\">https:\/\/www.rki.de\/DE\/Content\/InfAZ\/N\/Neuartiges_Coronavirus\/nCoV.html<\/a><\/p>\n\n\n\n<p><a href=\"https:\/\/www.infektionsschutz.de\/\">https:\/\/www.infektionsschutz.de\/<\/a><\/p>\n\n\n\n<p><strong>4. Verhalten bei Auftreten von Krankheitssymptomen <\/strong><\/p>\n\n\n\n<p>Nach den\nHinweisen des NRW-Gesundheitsministeriums sollen Menschen, die zurzeit\ngrippe\u00e4hnliche Symptome aufweisen, <strong>ihren\nHausarzt<\/strong> beziehungsweise eine Notarztpraxis <strong>kontaktieren<\/strong>, um die weitere Vorgehensweise abzukl\u00e4ren. Wegen der\nAnsteckungsgefahr soll die Kontaktaufnahme zun\u00e4chst telefonisch erfolgen. <\/p>\n\n\n\n<p><strong>5. Informationen zum Corona-Virus, B\u00fcrgertelefon<\/strong><\/p>\n\n\n\n<p>Im <strong>Kreis Euskirchen<\/strong> ist eine <strong>Hotline<\/strong> zum Thema Corona eingerichtet.\nEs wird empfohlen, alle Anfragen an diese zu verweisen und keine Beratung im\nEinzelfall vorzunehmen. Die Rufnummer der Hotline lautet: 02251-15 800. \n\nDas <strong>NRW-Gesundheitsministerium<\/strong>\nhat dar\u00fcber hinaus ein <strong>B\u00fcrgertelefon<\/strong>\nzum Corona-Virus unter der Nummer (0211) 855 47 74 geschaltet.\n\n\n\n<\/p>\n","protected":false},"excerpt":{"rendered":"<p>Umgang mit dem Corona-Virus im Schulbereich 1. Schulschlie\u00dfungen und Wiederer\u00f6ffnungen von Schulen Schlie\u00dfungen von Schulen oder Teilen davon (z.B. Klassen) im Zusammenhang mit dem Corona-Virus erfolgen auf der Grundlage des Infektionsschutzgesetzes. Konkret vorgenommen wird die Schlie\u00dfung von der \u00f6rtlich zust\u00e4ndigen &hellip; <a href=\"https:\/\/grundschulesatzvey.de\/?page_id=2505\">Weiterlesen <span class=\"meta-nav\">&rarr;<\/span><\/a><\/p>\n","protected":false},"author":5,"featured_media":0,"parent":2495,"menu_order":3,"comment_status":"closed","ping_status":"closed","template":"sidebar-page.php","meta":{"ngg_post_thumbnail":0,"footnotes":""},"class_list":["post-2505","page","type-page","status-publish","hentry"],"_links":{"self":[{"href":"https:\/\/grundschulesatzvey.de\/index.php?rest_route=\/wp\/v2\/pages\/2505","targetHints":{"allow":["GET"]}}],"collection":[{"href":"https:\/\/grundschulesatzvey.de\/index.php?rest_route=\/wp\/v2\/pages"}],"about":[{"href":"https:\/\/grundschulesatzvey.de\/index.php?rest_route=\/wp\/v2\/types\/page"}],"author":[{"embeddable":true,"href":"https:\/\/grundschulesatzvey.de\/index.php?rest_route=\/wp\/v2\/users\/5"}],"replies":[{"embeddable":true,"href":"https:\/\/grundschulesatzvey.de\/index.php?rest_route=%2Fwp%2Fv2%2Fcomments&post=2505"}],"version-history":[{"count":1,"href":"https:\/\/grundschulesatzvey.de\/index.php?rest_route=\/wp\/v2\/pages\/2505\/revisions"}],"predecessor-version":[{"id":2506,"href":"https:\/\/grundschulesatzvey.de\/index.php?rest_route=\/wp\/v2\/pages\/2505\/revisions\/2506"}],"up":[{"embeddable":true,"href":"https:\/\/grundschulesatzvey.de\/index.php?rest_route=\/wp\/v2\/pages\/2495"}],"wp:attachment":[{"href":"https:\/\/grundschulesatzvey.de\/index.php?rest_route=%2Fwp%2Fv2%2Fmedia&parent=2505"}],"curies":[{"name":"wp","href":"https:\/\/api.w.org\/{rel}","templated":true}]}}