{"id":634,"date":"2014-02-06T11:38:10","date_gmt":"2014-02-06T09:38:10","guid":{"rendered":"http:\/\/grundschulesatzvey.de\/?page_id=634"},"modified":"2020-03-10T13:59:41","modified_gmt":"2020-03-10T11:59:41","slug":"mint-einander-2","status":"publish","type":"page","link":"https:\/\/grundschulesatzvey.de\/?page_id=634","title":{"rendered":"MINT-einander"},"content":{"rendered":"<p align=\"center\"><b>MINTeinander auch im Kreis Euskirchen<\/b><\/p>\n<p align=\"center\"><b>Die Deutsche Telekom Stiftung w\u00e4hlt Kooperationsverbund Kita Satzvey, GGS Satzvey und GAT Mechernich aus.<\/b><\/p>\n<p><b>&nbsp;<\/b><\/p>\n<p>Nach den Sommerferien erreichte die Grundschule Satzvey eine sehr erfreuliche Post. Im Fr\u00fchjahr hatte man sich in einem umfangreichen Bewerbungsverfahren zusammen mit der Kindertagesst\u00e4tte Satzvey und dem Gymnasium \u201eAm Turmhof\u201c Mechernich als Kooperationsverbund f\u00fcr das Projekt \u201eMINTeinander\u201c der Deutsche Telekom Stiftung beworben. Nur 24 von 225 eingegangenen Bewerbungen auf Bundesebene wurden ausgew\u00e4hlt. Die drei Einrichtungen im Stadtgebiet Mechernich geh\u00f6ren dazu. Die Ausschreibung richtete sich an Grundschulen, die in ihrer Region mit Kitas und weiterf\u00fchrenden Schulen zusammenarbeiten und gemeinsam ihre naturwissenschaftlichen Profile st\u00e4rken m\u00f6chten.<\/p>\n<p>&nbsp;<\/p>\n<p>Die Deutsche Telekom Stiftung, die sich f\u00fcr eine Verbesserung des Bildungssystems im Bereich Mathematik, Informatik, Naturwissenschaften und Technik (MINT) einsetzt, zielt mit ihrem Projekt MINTeinander darauf ab, die Motivation und die Kompetenzen von Kindern und Jugendlichen in MINT-F\u00e4chern systematisch und aufeinander aufbauend zu entwickeln &#8211; vom Kindergarten \u00fcber die Grundschule bis in die weiterf\u00fchrende Schule. Damit dies gelingen kann, m\u00fcssen die Bildungseinrichtungen mit Lehr- und Lerninhalten arbeiten, die altersgerecht angelegt und aufeinander abstimmt werden. Im Auftrag der Stiftung haben Experten unter der Leitung von Prof. Dr. Kornelia M\u00f6ller (Universit\u00e4t M\u00fcnster) derartige Inhalte entwickelt. Materialsammlungen und didaktisches Begleitmaterial zum Thema Magnetismus unterst\u00fctzen Fachkr\u00e4fte und P\u00e4dagogen dabei, Bildungsinhalte \u2013 wie bei einer Spirale \u2013 in Kita und Schule aufeinander aufbauend zu vermitteln.<\/p>\n<p>&nbsp;<\/p>\n<p>An der Universit\u00e4t M\u00fcnster werden zun\u00e4chst von jeder Einrichtung Multiplikatoren darin geschult, die \u00dcberg\u00e4nge zwischen den Schulstufen zu st\u00e4rken und den Kindern einen einfacheren Stufenwechsel zu erm\u00f6glichen. Die so ausgebildeten MINTeinander Multiplikatoren werden darin ausgebildet, die Inhalte und Arbeitsweisen an andere stufenspezifische Institutionen weiterzugeben, die Implementierung des MINTeinander Materials in der jeweiligen Stufe zu begleiten und \u00fcbergreifende Treffen mit einer der benachbarten Stufe zu organisieren und zu begleiten.<\/p>\n<p>Da die GGS Satzvey als Institution in der Mittelstellung ist, bildet sie einmal ein Team mit dem Kindergarten (Frau Sonja Kops von der Kita Satzvey und Frau Doro Sina von der GGS Satzvey), und zum anderen ein Team mit dem GAT Mechernich (Frau Anni Ibscher von der GGS und Herrn Dr. Arnold Schroeder vom GAT). Die Kooperationsvereinbarung mit der Deutschen Telekom Stiftung&nbsp; wurde nun im Oktober 2014 unterschrieben und die ersten Multiplikatorentreffen und die Ausbildung begannen im November 2014.<\/p>\n<p>&nbsp;<\/p>\n","protected":false},"excerpt":{"rendered":"<p>MINTeinander auch im Kreis Euskirchen Die Deutsche Telekom Stiftung w\u00e4hlt Kooperationsverbund Kita Satzvey, GGS Satzvey und GAT Mechernich aus. &nbsp; Nach den Sommerferien erreichte die Grundschule Satzvey eine sehr erfreuliche Post. Im Fr\u00fchjahr hatte man sich in einem umfangreichen Bewerbungsverfahren &hellip; <a href=\"https:\/\/grundschulesatzvey.de\/?page_id=634\">Weiterlesen <span class=\"meta-nav\">&rarr;<\/span><\/a><\/p>\n","protected":false},"author":5,"featured_media":0,"parent":0,"menu_order":8,"comment_status":"closed","ping_status":"closed","template":"sidebar-page.php","meta":{"ngg_post_thumbnail":0,"footnotes":""},"class_list":["post-634","page","type-page","status-publish","hentry"],"_links":{"self":[{"href":"https:\/\/grundschulesatzvey.de\/index.php?rest_route=\/wp\/v2\/pages\/634","targetHints":{"allow":["GET"]}}],"collection":[{"href":"https:\/\/grundschulesatzvey.de\/index.php?rest_route=\/wp\/v2\/pages"}],"about":[{"href":"https:\/\/grundschulesatzvey.de\/index.php?rest_route=\/wp\/v2\/types\/page"}],"author":[{"embeddable":true,"href":"https:\/\/grundschulesatzvey.de\/index.php?rest_route=\/wp\/v2\/users\/5"}],"replies":[{"embeddable":true,"href":"https:\/\/grundschulesatzvey.de\/index.php?rest_route=%2Fwp%2Fv2%2Fcomments&post=634"}],"version-history":[{"count":5,"href":"https:\/\/grundschulesatzvey.de\/index.php?rest_route=\/wp\/v2\/pages\/634\/revisions"}],"predecessor-version":[{"id":2521,"href":"https:\/\/grundschulesatzvey.de\/index.php?rest_route=\/wp\/v2\/pages\/634\/revisions\/2521"}],"wp:attachment":[{"href":"https:\/\/grundschulesatzvey.de\/index.php?rest_route=%2Fwp%2Fv2%2Fmedia&parent=634"}],"curies":[{"name":"wp","href":"https:\/\/api.w.org\/{rel}","templated":true}]}}