{"id":767,"date":"2014-07-01T11:39:57","date_gmt":"2014-07-01T09:39:57","guid":{"rendered":"http:\/\/grundschulesatzvey.de\/?page_id=767"},"modified":"2025-10-01T14:33:44","modified_gmt":"2025-10-01T12:33:44","slug":"foerderverein","status":"publish","type":"page","link":"https:\/\/grundschulesatzvey.de\/?page_id=767","title":{"rendered":"F\u00f6rderverein"},"content":{"rendered":"<p><strong>F\u00f6rderverein der GGS Satzvey <\/strong><\/p>\n<p><strong>Wichtige Informationen auf einen Blick:<\/strong><\/p>\n<p>Sarah Josephs &#8211; Vorsitzende<\/p>\n<p>Dorothea Sina &#8211; stellvertretende Vorsitzende<\/p>\n<p>Daniel Decker \u2013 Schatzmeister<\/p>\n<p>Mitgliedsbeitrag: 12,00 \u20ac j\u00e4hrlich (<span style=\"display: inline !important; float: none; background-color: transparent; color: #333333; cursor: text; font-family: 'Helvetica Neue',Helvetica,Arial,sans-serif; font-size: 15px; font-size-adjust: none; font-stretch: 100%; font-style: normal; font-variant: normal; font-weight: 300; letter-spacing: normal; line-height: 24.37px; orphans: 2; text-align: left; text-decoration: none; text-indent: 0px; text-transform: none; -webkit-text-stroke-width: 0px; white-space: normal; word-spacing: 0px;\">Dieser kommt&nbsp; vor allen Dingen der Finanzierung der Aula-F\u00f6rderung zugute, bei der monatliche Kosten entstehen)<\/span><\/p>\n<p>\u00dcber die Aula-F\u00f6rderung hinaus sollen auch weiterhin verschiedene Projekte finanziert werden, wie u. a. Theaterauff\u00fchrungen, WenDo-Training und die Anschaffung von B\u00fcchern und Spielger\u00e4ten.<\/p>\n<p>Da die Mitgliederzahlen leider stark gesunken sind, hier die Bitte:<\/p>\n<p>Melden Sie sich an und unterst\u00fctzen Sie den F\u00f6rderverein!<\/p>\n<p><a href=\"https:\/\/grundschulesatzvey.de\/wordpress\/wp-content\/uploads\/2014\/07\/beitrittserkl\u00e4rung_2016-Kopieren.pdf\" target=\"_blank\" rel=\"noopener\">Beitrittserkl\u00e4rung <\/a><\/p>\n<p>Hier ein paar Beispiele, was&nbsp; im letzten Schuljahr von den Beitr\u00e4gen und Spenden finanziert wurde:<\/p>\n<ul>\n<li>Aulabetreuung (gezielte F\u00f6rderung in Kleingruppen w\u00e4hrend des Unterrichts)<\/li>\n<li>Zuschuss zum M\u00e4dchen-Wendo- bzw. Jungen-stark-mach-Training<\/li>\n<li>Anschaffung von zwei Gastro-Kaffeemaschinen<\/li>\n<li>B\u00fccher f\u00fcr die Schulb\u00fccherei<\/li>\n<li>Zuschuss zu den Fahrtkosten zur Lanxess-Arena (Klasse, wir singen)<\/li>\n<li>Zuschuss zum Vorhang (Aula B\u00fchne)<\/li>\n<\/ul>\n","protected":false},"excerpt":{"rendered":"<p>F\u00f6rderverein der GGS Satzvey Wichtige Informationen auf einen Blick: Sarah Josephs &#8211; Vorsitzende Dorothea Sina &#8211; stellvertretende Vorsitzende Daniel Decker \u2013 Schatzmeister Mitgliedsbeitrag: 12,00 \u20ac j\u00e4hrlich (Dieser kommt&nbsp; vor allen Dingen der Finanzierung der Aula-F\u00f6rderung zugute, bei der monatliche Kosten &hellip; <a href=\"https:\/\/grundschulesatzvey.de\/?page_id=767\">Weiterlesen <span class=\"meta-nav\">&rarr;<\/span><\/a><\/p>\n","protected":false},"author":5,"featured_media":0,"parent":0,"menu_order":13,"comment_status":"closed","ping_status":"closed","template":"sidebar-page.php","meta":{"ngg_post_thumbnail":0,"footnotes":""},"class_list":["post-767","page","type-page","status-publish","hentry"],"_links":{"self":[{"href":"https:\/\/grundschulesatzvey.de\/index.php?rest_route=\/wp\/v2\/pages\/767","targetHints":{"allow":["GET"]}}],"collection":[{"href":"https:\/\/grundschulesatzvey.de\/index.php?rest_route=\/wp\/v2\/pages"}],"about":[{"href":"https:\/\/grundschulesatzvey.de\/index.php?rest_route=\/wp\/v2\/types\/page"}],"author":[{"embeddable":true,"href":"https:\/\/grundschulesatzvey.de\/index.php?rest_route=\/wp\/v2\/users\/5"}],"replies":[{"embeddable":true,"href":"https:\/\/grundschulesatzvey.de\/index.php?rest_route=%2Fwp%2Fv2%2Fcomments&post=767"}],"version-history":[{"count":14,"href":"https:\/\/grundschulesatzvey.de\/index.php?rest_route=\/wp\/v2\/pages\/767\/revisions"}],"predecessor-version":[{"id":3154,"href":"https:\/\/grundschulesatzvey.de\/index.php?rest_route=\/wp\/v2\/pages\/767\/revisions\/3154"}],"wp:attachment":[{"href":"https:\/\/grundschulesatzvey.de\/index.php?rest_route=%2Fwp%2Fv2%2Fmedia&parent=767"}],"curies":[{"name":"wp","href":"https:\/\/api.w.org\/{rel}","templated":true}]}}