{"id":779,"date":"2014-07-02T09:40:54","date_gmt":"2014-07-02T07:40:54","guid":{"rendered":"http:\/\/grundschulesatzvey.de\/?page_id=779"},"modified":"2016-05-19T12:54:38","modified_gmt":"2016-05-19T10:54:38","slug":"pressespiegel","status":"publish","type":"page","link":"https:\/\/grundschulesatzvey.de\/?page_id=779","title":{"rendered":"Pressespiegel"},"content":{"rendered":"<p><a href=\"https:\/\/grundschulesatzvey.de\/wordpress\/wp-content\/uploads\/2014\/07\/Grundschule-Satzvey-erh\u00e4lt-E-Piano.pdf\" rel=\"\">Grundschule Satzvey erh\u00e4lt E-Piano<\/a><img loading=\"lazy\" decoding=\"async\" class=\"alignnone size-medium wp-image-2090\" src=\"https:\/\/grundschulesatzvey.de\/wordpress\/wp-content\/uploads\/2014\/07\/E-Piano1-109x300.jpg\" alt=\"E-Piano1\" width=\"109\" height=\"300\" srcset=\"https:\/\/grundschulesatzvey.de\/wordpress\/wp-content\/uploads\/2014\/07\/E-Piano1-109x300.jpg 109w, https:\/\/grundschulesatzvey.de\/wordpress\/wp-content\/uploads\/2014\/07\/E-Piano1.jpg 253w\" sizes=\"auto, (max-width: 109px) 100vw, 109px\" \/><\/p>\n<p><a href=\"https:\/\/grundschulesatzvey.de\/wordpress\/wp-content\/uploads\/2014\/07\/Ist-denn-schon-Weihnachten.pdf\">Ist denn schon Weihnachten<\/a><\/p>\n<p><a href=\"https:\/\/grundschulesatzvey.de\/wordpress\/wp-content\/uploads\/2014\/07\/Kein-Unterricht-mehr-auf-dem-Boden.pdf\">Kein Unterricht mehr auf dem Boden<\/a><\/p>\n<p><a href=\"https:\/\/grundschulesatzvey.de\/wordpress\/wp-content\/uploads\/2014\/07\/Artikel-Rundschau-Zirkus.pdf\">Artikel Rundschau Zirkus<\/a><\/p>\n<p><a href=\"https:\/\/grundschulesatzvey.de\/wordpress\/wp-content\/uploads\/2014\/07\/Sch\u00fcler-machen-Zirkus-Artikel-Profipress.pdf\">Sch\u00fcler machen Zirkus Artikel Profipress<\/a><\/p>\n<p><a href=\"https:\/\/grundschulesatzvey.de\/wordpress\/wp-content\/uploads\/2014\/07\/Satzveyer-Grundsch\u00fcler-sind-gut-vernetzt.pdf\">Satzveyer Grundsch\u00fcler sind gut vernetzt<\/a><\/p>\n<p><a href=\"https:\/\/grundschulesatzvey.de\/wordpress\/wp-content\/uploads\/2014\/07\/Riesiger-Tannenbaum-in-der-Schule.pdf\">Riesiger Tannenbaum in der Schule<\/a><\/p>\n<p><a href=\"https:\/\/grundschulesatzvey.de\/wordpress\/wp-content\/uploads\/2014\/07\/RWE_Laptops-1.pdf\">RWE_Laptops-1<\/a><\/p>\n<p><a href=\"https:\/\/grundschulesatzvey.de\/wordpress\/wp-content\/uploads\/2014\/07\/Waldbewohner-auf-dem-Infobus.pdf\">Waldbewohner auf dem Infobus<\/a><\/p>\n<p><a href=\"https:\/\/grundschulesatzvey.de\/wordpress\/wp-content\/uploads\/2014\/07\/Grundsch\u00fcler-mit-Durchblick.pdf\">Grundsch\u00fcler mit Durchblick<\/a><\/p>\n<p><a href=\"https:\/\/grundschulesatzvey.de\/wordpress\/wp-content\/uploads\/2014\/07\/Satzveyer-Grundsch\u00fcler-blicken-durch.pdf\">Satzveyer Grundsch\u00fcler blicken durch<\/a><\/p>\n<p><a href=\"https:\/\/grundschulesatzvey.de\/wordpress\/wp-content\/uploads\/2014\/07\/KSTA-Mint-Projekt.pdf\">KSTA -Mint Projekt<\/a><\/p>\n<p><a href=\"https:\/\/grundschulesatzvey.de\/wordpress\/wp-content\/uploads\/2014\/07\/TV.pdf\">TV<\/a><\/p>\n<p><a href=\"https:\/\/grundschulesatzvey.de\/wordpress\/wp-content\/uploads\/2014\/07\/Dornr\u00f6schen-in-der-Grundschule-Satzvey.pdf\">Dornr\u00f6schen in der Grundschule Satzvey<\/a><\/p>\n<p>&nbsp;<\/p>\n","protected":false},"excerpt":{"rendered":"<p>Grundschule Satzvey erh\u00e4lt E-Piano Ist denn schon Weihnachten Kein Unterricht mehr auf dem Boden Artikel Rundschau Zirkus Sch\u00fcler machen Zirkus Artikel Profipress Satzveyer Grundsch\u00fcler sind gut vernetzt Riesiger Tannenbaum in der Schule RWE_Laptops-1 Waldbewohner auf dem Infobus Grundsch\u00fcler mit Durchblick &hellip; <a href=\"https:\/\/grundschulesatzvey.de\/?page_id=779\">Weiterlesen <span class=\"meta-nav\">&rarr;<\/span><\/a><\/p>\n","protected":false},"author":5,"featured_media":0,"parent":0,"menu_order":15,"comment_status":"closed","ping_status":"closed","template":"","meta":{"ngg_post_thumbnail":0,"footnotes":""},"class_list":["post-779","page","type-page","status-publish","hentry"],"_links":{"self":[{"href":"https:\/\/grundschulesatzvey.de\/index.php?rest_route=\/wp\/v2\/pages\/779","targetHints":{"allow":["GET"]}}],"collection":[{"href":"https:\/\/grundschulesatzvey.de\/index.php?rest_route=\/wp\/v2\/pages"}],"about":[{"href":"https:\/\/grundschulesatzvey.de\/index.php?rest_route=\/wp\/v2\/types\/page"}],"author":[{"embeddable":true,"href":"https:\/\/grundschulesatzvey.de\/index.php?rest_route=\/wp\/v2\/users\/5"}],"replies":[{"embeddable":true,"href":"https:\/\/grundschulesatzvey.de\/index.php?rest_route=%2Fwp%2Fv2%2Fcomments&post=779"}],"version-history":[{"count":11,"href":"https:\/\/grundschulesatzvey.de\/index.php?rest_route=\/wp\/v2\/pages\/779\/revisions"}],"predecessor-version":[{"id":2095,"href":"https:\/\/grundschulesatzvey.de\/index.php?rest_route=\/wp\/v2\/pages\/779\/revisions\/2095"}],"wp:attachment":[{"href":"https:\/\/grundschulesatzvey.de\/index.php?rest_route=%2Fwp%2Fv2%2Fmedia&parent=779"}],"curies":[{"name":"wp","href":"https:\/\/api.w.org\/{rel}","templated":true}]}}